{"id":104,"date":"2015-10-01T06:08:51","date_gmt":"2015-10-01T06:08:51","guid":{"rendered":"http:\/\/enriquecouttolencbarcena.com\/?page_id=104"},"modified":"2015-10-01T06:08:51","modified_gmt":"2015-10-01T06:08:51","slug":"contact","status":"publish","type":"page","link":"https:\/\/enriquecouttolencbarcena.com\/es\/contact\/","title":{"rendered":"Contact"},"content":{"rendered":"<p>Internet has made the world smaller and has unified minds and hearts, it lets sound and music explore different paths of creativity, lets make something unique together.<\/p>\n<p>I\u00b4m always open for negociation, I understand not everyone has a lot of money, if you don\u00b4t have enough money and your project is cool, I may be able to help you for some credits&#8230; if I really like your project, but if you can afford it&#8230; I also have to make a living&#8230;<\/p>\n<p>If there is anything I can be of service to you<\/p>\n<div id=\"cscf\" class=\"cscfBlock\">\n    <div class=\"cscfMessageSent\" style=\"display:none;\" role=\"status\" aria-live=\"polite\">\n\t\t<h3>Message Sent<\/h3>\n<p>Thank you for your message, we will be in touch very shortly. <\/p>    <\/div>\n    <div class=\"cscfMessageNotSent\" style=\"display:none;\" role=\"alert\" aria-live=\"assertive\">\n\t\t<p>\n    Lo sentimos, ha habido un error. Tu mensaje no se ha enviado.<\/p>\n    <\/div>\n    <div class=\"cscfForm\">\n        <p>Please enter your contact details and a short message below and I will try to answer your query as soon as possible.<\/p>\n\n        <form role=\"form\" id=\"frmCSCF\" name=\"frmCSCF\" method=\"post\" novalidate>\n\t\t\t<input type=\"hidden\" id=\"cscf_nonce\" name=\"cscf_nonce\" value=\"82925152d8\" \/><input type=\"hidden\" name=\"_wp_http_referer\" value=\"\/es\/wp-json\/wp\/v2\/pages\/104\" \/>            <input type=\"hidden\" name=\"post-id\" value=\"104\">\n\n\t\t\t\n            <!-- name -->\n            <div class=\"control-group form-group\">\n                <label for=\"cscf_name\">Nombre:<\/label>\n\n\n                <div class=\"\">\n\t\t\t\t\t                    <input class=\"form-control input-xlarge\"\n                           data-rule-required=\"true\"\n                           data-msg-required=\"Porfavor ingresa tu nombre.\"\n                           type=\"text\" id=\"cscf_name\" name=\"cscf[name]\"\n                           value=\"\"\n                           placeholder=\"Tu Nombre:\"\n                           autocomplete=\"name\"\n                           aria-required=\"true\"\n                           aria-describedby=\"cscf_name_error\"\n                                               \/>\n                <\/div>\n                <span id=\"cscf_name_error\" class=\"help-inline help-block error\"\n                      style=\"display:none;\"\n                      role=\"alert\">\n                                    <\/span>\n            <\/div>\n\n\n            <!--email address-->\n            <div class=\"control-group form-group\">\n                <label for=\"cscf_email\">Direcci\u00f3n de correo electr\u00f3nico:<\/label>\n\n                <div class=\"\">\n\t\t\t\t\t                    <input class=\"form-control input-xlarge\"\n                           data-rule-required=\"true\"\n                           data-rule-email=\"true\"\n                           data-msg-required=\"Por favor ingresa tu correo electr\u00f3nico\"\n                           data-msg-email=\"Por favor ingresa una direcci\u00f3n de correo electr\u00f3nico v\u00e1lida.\"\n                           type=\"email\" id=\"cscf_email\" name=\"cscf[email]\"\n                           value=\"\"\n                           placeholder=\"Tu direcci\u00f3n de correo electr\u00f3nico:\"\n                           autocomplete=\"email\"\n                           aria-required=\"true\"\n                           aria-describedby=\"cscf_email_error\"\n                                               \/>\n                <\/div>\n                <span id=\"cscf_email_error\" class=\"help-inline help-block error\"\n                      style=\"display:none;\"\n                      role=\"alert\">\n                                    <\/span>\n            <\/div>\n\n\t\t\t                <!--confirm email address -->\n                <div class=\"control-group form-group\">\n                    <label for=\"cscf_confirm-email\">Confirma tu direcci\u00f3n de correo electr\u00f3nico:<\/label>\n                    <div class=\"\">\n\t\t\t\t\t\t                        <input class=\"form-control input-xlarge\"\n                               data-rule-required=\"true\"\n                               data-rule-email=\"true\"\n                               data-rule-equalTo=\"#cscf_email\"\n                               data-msg-required=\"Por favor ingresa la misma direcci\u00f3n de correo electr\u00f3nico de nuevo.\"\n                               data-msg-email=\"Por favor ingresa una direcci\u00f3n de correo electr\u00f3nico v\u00e1lida.\"\n                               data-msg-equalTo=\"Por favor ingresa la misma direcci\u00f3n de correo electr\u00f3nico de nuevo.\"\n                               type=\"email\" id=\"cscf_confirm-email\" name=\"cscf[confirm-email]\"\n                               value=\"\"\n                               placeholder=\"Confirma tu direcci\u00f3n de correo electr\u00f3nico\"\n                               autocomplete=\"email\"\n                               aria-required=\"true\"\n                               aria-describedby=\"cscf_confirm-email_error\"\n                                                       \/>\n                    <\/div>\n                    <span id=\"cscf_confirm-email_error\" class=\"help-inline help-block error\"\n                          style=\"display:none;\"\n                          role=\"alert\">\n                                    <\/span>\n                <\/div>\n\t\t\t\n\t\t\t\n\n            <!-- message -->\n            <div class=\"control-group form-group\">\n                <label for=\"cscf_message\">Mensaje:<\/label>\n                <div class=\"\">\n\t\t\t\t\t                    <textarea class=\"form-control input-xlarge\"\n                              data-rule-required=\"true\"\n                              data-msg-required=\"Por favor ingresa un mensaje.\"\n                              id=\"cscf_message\" name=\"cscf[message]\" rows=\"10\"\n                              placeholder=\"Tu Mensaje\"\n                              aria-required=\"true\"\n                              aria-describedby=\"cscf_message_error\"\n                              ><\/textarea>\n                <\/div>\n\n                <span id=\"cscf_message_error\" class=\"help-inline help-block error\"\n                      style=\"display:none;\"\n                      role=\"alert\">\n                                    <\/span>\n            <\/div>\n\n\t\t\t\n\n\n\t\t\t\n            <!-- recaptcha -->\n\t\t\t\n                <div class=\"control-group form-group\">\n                    <div id=\"recaptcha_div\">\n                        <div class=\"g-recaptcha\" data-theme=\"light\"\n                             data-sitekey=\"6Le26Q0TAAAAAL439IrFxnbDl13u29LJ0MTKCF3p\"><\/div>\n\n\n                        <div id=\"cscf_recaptcha_error\"\n                             class=\"help-inline help-block error\"\n                             role=\"alert\"><\/div>\n\n\n                        <noscript>\n                            <div style=\"width: 302px; height: 422px;\">\n                                <div style=\"width: 302px; height: 422px; position: relative;\">\n                                    <div style=\"width: 302px; height: 422px; position: absolute;\">\n                                        <iframe\n                                                src=\"https:\/\/www.google.com\/recaptcha\/api\/fallback?k=6Le26Q0TAAAAAL439IrFxnbDl13u29LJ0MTKCF3p\"\n                                                frameborder=\"0\" scrolling=\"no\"\n                                                style=\"width: 302px; height:422px; border-style: none;\"\n                                                title=\"reCAPTCHA challenge\">\n                                        <\/iframe>\n                                    <\/div>\n                                    <div style=\"width: 300px; height: 60px; border-style: none;\n                  bottom: 12px; left: 25px; margin: 0px; padding: 0px; right: 25px;\n                  background: #f9f9f9; border: 1px solid #c1c1c1; border-radius: 3px;\">\n                                        <label for=\"g-recaptcha-response\" class=\"screen-reader-text\">reCAPTCHA response<\/label>\n                                        <textarea id=\"g-recaptcha-response\" name=\"g-recaptcha-response\"\n                                                  class=\"g-recaptcha-response\"\n                                                  style=\"width: 250px; height: 40px; border: 1px solid #c1c1c1;\n                                                         margin: 10px 25px; padding: 0px; resize: none;\"><\/textarea>\n                                    <\/div>\n                                <\/div>\n                            <\/div>\n                        <\/noscript>\n\n                    <\/div>\n                <\/div>\n\t\t\t            <input type=\"submit\" id=\"cscf_SubmitButton\" class=\"btn btn-default\"\n                   value=\"Enviar mensaje\"\/>\n        <\/form>\n    <\/div>\n<\/div>\n","protected":false},"excerpt":{"rendered":"<p>Internet has made the world smaller and has unified minds and hearts, it lets sound and music explore different paths of creativity, lets make something unique together. I\u00b4m always open for negociation, I understand not everyone has a lot of money, if you don\u00b4t have enough money and your project is cool, I may be&hellip;<\/p>\n","protected":false},"author":1,"featured_media":105,"parent":0,"menu_order":0,"comment_status":"closed","ping_status":"closed","template":"","meta":{"_exactmetrics_skip_tracking":false,"_exactmetrics_sitenote_active":false,"_exactmetrics_sitenote_note":"","_exactmetrics_sitenote_category":0,"footnotes":""},"class_list":["post-104","page","type-page","status-publish","has-post-thumbnail","hentry"],"translation":{"provider":"WPGlobus","version":"3.0.2","language":"es","enabled_languages":["en","es"],"languages":{"en":{"title":true,"content":true,"excerpt":false},"es":{"title":false,"content":false,"excerpt":false}}},"yoast_head":"<!-- This site is optimized with the Yoast SEO plugin v27.5 - https:\/\/yoast.com\/product\/yoast-seo-wordpress\/ -->\n<title>Contact - Enrique Couttolenc Barcena<\/title>\n<meta name=\"robots\" content=\"index, follow, max-snippet:-1, max-image-preview:large, max-video-preview:-1\" \/>\n<link rel=\"canonical\" href=\"https:\/\/enriquecouttolencbarcena.com\/contact\/\" \/>\n<meta property=\"og:locale\" content=\"es_ES\" \/>\n<meta property=\"og:type\" content=\"article\" \/>\n<meta property=\"og:title\" content=\"Contact - Enrique Couttolenc Barcena\" \/>\n<meta property=\"og:url\" content=\"https:\/\/enriquecouttolencbarcena.com\/contact\/\" \/>\n<meta property=\"og:site_name\" content=\"Enrique Couttolenc Barcena\" \/>\n<meta property=\"og:image\" content=\"https:\/\/enriquecouttolencbarcena.com\/wp-content\/uploads\/2015\/10\/yoensae.jpg\" \/>\n\t<meta property=\"og:image:width\" content=\"640\" \/>\n\t<meta property=\"og:image:height\" content=\"480\" \/>\n\t<meta property=\"og:image:type\" content=\"image\/jpeg\" \/>\n<meta name=\"twitter:card\" content=\"summary_large_image\" \/>\n<script type=\"application\/ld+json\" class=\"yoast-schema-graph\">{\"@context\":\"https:\\\/\\\/schema.org\",\"@graph\":[{\"@type\":\"WebPage\",\"@id\":\"https:\\\/\\\/enriquecouttolencbarcena.com\\\/contact\\\/\",\"url\":\"https:\\\/\\\/enriquecouttolencbarcena.com\\\/contact\\\/\",\"name\":\"Contact - Enrique Couttolenc Barcena\",\"isPartOf\":{\"@id\":\"https:\\\/\\\/enriquecouttolencbarcena.com\\\/#website\"},\"primaryImageOfPage\":{\"@id\":\"https:\\\/\\\/enriquecouttolencbarcena.com\\\/contact\\\/#primaryimage\"},\"image\":{\"@id\":\"https:\\\/\\\/enriquecouttolencbarcena.com\\\/contact\\\/#primaryimage\"},\"thumbnailUrl\":\"https:\\\/\\\/enriquecouttolencbarcena.com\\\/wp-content\\\/uploads\\\/2015\\\/10\\\/yoensae.jpg\",\"datePublished\":\"2015-10-01T06:08:51+00:00\",\"breadcrumb\":{\"@id\":\"https:\\\/\\\/enriquecouttolencbarcena.com\\\/contact\\\/#breadcrumb\"},\"inLanguage\":\"es-ES\",\"potentialAction\":[{\"@type\":\"ReadAction\",\"target\":[\"https:\\\/\\\/enriquecouttolencbarcena.com\\\/contact\\\/\"]}]},{\"@type\":\"ImageObject\",\"inLanguage\":\"es-ES\",\"@id\":\"https:\\\/\\\/enriquecouttolencbarcena.com\\\/contact\\\/#primaryimage\",\"url\":\"https:\\\/\\\/enriquecouttolencbarcena.com\\\/wp-content\\\/uploads\\\/2015\\\/10\\\/yoensae.jpg\",\"contentUrl\":\"https:\\\/\\\/enriquecouttolencbarcena.com\\\/wp-content\\\/uploads\\\/2015\\\/10\\\/yoensae.jpg\",\"width\":640,\"height\":480},{\"@type\":\"BreadcrumbList\",\"@id\":\"https:\\\/\\\/enriquecouttolencbarcena.com\\\/contact\\\/#breadcrumb\",\"itemListElement\":[{\"@type\":\"ListItem\",\"position\":1,\"name\":\"Home\",\"item\":\"https:\\\/\\\/enriquecouttolencbarcena.com\\\/\"},{\"@type\":\"ListItem\",\"position\":2,\"name\":\"Contact\"}]},{\"@type\":\"WebSite\",\"@id\":\"https:\\\/\\\/enriquecouttolencbarcena.com\\\/#website\",\"url\":\"https:\\\/\\\/enriquecouttolencbarcena.com\\\/\",\"name\":\"Enrique Couttolenc Barcena\",\"description\":\"Ingeniero de audio y productor de musica\",\"publisher\":{\"@id\":\"https:\\\/\\\/enriquecouttolencbarcena.com\\\/#\\\/schema\\\/person\\\/972102b395663d7c8d404b14f053f21e\"},\"potentialAction\":[{\"@type\":\"SearchAction\",\"target\":{\"@type\":\"EntryPoint\",\"urlTemplate\":\"https:\\\/\\\/enriquecouttolencbarcena.com\\\/?s={search_term_string}\"},\"query-input\":{\"@type\":\"PropertyValueSpecification\",\"valueRequired\":true,\"valueName\":\"search_term_string\"}}],\"inLanguage\":\"es-ES\"},{\"@type\":[\"Person\",\"Organization\"],\"@id\":\"https:\\\/\\\/enriquecouttolencbarcena.com\\\/#\\\/schema\\\/person\\\/972102b395663d7c8d404b14f053f21e\",\"name\":\"enriquecb\",\"image\":{\"@type\":\"ImageObject\",\"inLanguage\":\"es-ES\",\"@id\":\"https:\\\/\\\/secure.gravatar.com\\\/avatar\\\/1c4cb8ea0ce4785e2090fb3a6a3a3db59896925781ced37d1e7a617c4ae13d39?s=96&d=mm&r=g\",\"url\":\"https:\\\/\\\/secure.gravatar.com\\\/avatar\\\/1c4cb8ea0ce4785e2090fb3a6a3a3db59896925781ced37d1e7a617c4ae13d39?s=96&d=mm&r=g\",\"contentUrl\":\"https:\\\/\\\/secure.gravatar.com\\\/avatar\\\/1c4cb8ea0ce4785e2090fb3a6a3a3db59896925781ced37d1e7a617c4ae13d39?s=96&d=mm&r=g\",\"caption\":\"enriquecb\"},\"logo\":{\"@id\":\"https:\\\/\\\/secure.gravatar.com\\\/avatar\\\/1c4cb8ea0ce4785e2090fb3a6a3a3db59896925781ced37d1e7a617c4ae13d39?s=96&d=mm&r=g\"}}]}<\/script>\n<!-- \/ Yoast SEO plugin. -->","yoast_head_json":{"title":"Contact - Enrique Couttolenc Barcena","robots":{"index":"index","follow":"follow","max-snippet":"max-snippet:-1","max-image-preview":"max-image-preview:large","max-video-preview":"max-video-preview:-1"},"canonical":"https:\/\/enriquecouttolencbarcena.com\/contact\/","og_locale":"es_ES","og_type":"article","og_title":"Contact - Enrique Couttolenc Barcena","og_url":"https:\/\/enriquecouttolencbarcena.com\/contact\/","og_site_name":"Enrique Couttolenc Barcena","og_image":[{"width":640,"height":480,"url":"https:\/\/enriquecouttolencbarcena.com\/wp-content\/uploads\/2015\/10\/yoensae.jpg","type":"image\/jpeg"}],"twitter_card":"summary_large_image","schema":{"@context":"https:\/\/schema.org","@graph":[{"@type":"WebPage","@id":"https:\/\/enriquecouttolencbarcena.com\/contact\/","url":"https:\/\/enriquecouttolencbarcena.com\/contact\/","name":"Contact - Enrique Couttolenc Barcena","isPartOf":{"@id":"https:\/\/enriquecouttolencbarcena.com\/#website"},"primaryImageOfPage":{"@id":"https:\/\/enriquecouttolencbarcena.com\/contact\/#primaryimage"},"image":{"@id":"https:\/\/enriquecouttolencbarcena.com\/contact\/#primaryimage"},"thumbnailUrl":"https:\/\/enriquecouttolencbarcena.com\/wp-content\/uploads\/2015\/10\/yoensae.jpg","datePublished":"2015-10-01T06:08:51+00:00","breadcrumb":{"@id":"https:\/\/enriquecouttolencbarcena.com\/contact\/#breadcrumb"},"inLanguage":"es-ES","potentialAction":[{"@type":"ReadAction","target":["https:\/\/enriquecouttolencbarcena.com\/contact\/"]}]},{"@type":"ImageObject","inLanguage":"es-ES","@id":"https:\/\/enriquecouttolencbarcena.com\/contact\/#primaryimage","url":"https:\/\/enriquecouttolencbarcena.com\/wp-content\/uploads\/2015\/10\/yoensae.jpg","contentUrl":"https:\/\/enriquecouttolencbarcena.com\/wp-content\/uploads\/2015\/10\/yoensae.jpg","width":640,"height":480},{"@type":"BreadcrumbList","@id":"https:\/\/enriquecouttolencbarcena.com\/contact\/#breadcrumb","itemListElement":[{"@type":"ListItem","position":1,"name":"Home","item":"https:\/\/enriquecouttolencbarcena.com\/"},{"@type":"ListItem","position":2,"name":"Contact"}]},{"@type":"WebSite","@id":"https:\/\/enriquecouttolencbarcena.com\/#website","url":"https:\/\/enriquecouttolencbarcena.com\/","name":"Enrique Couttolenc Barcena","description":"Ingeniero de audio y productor de musica","publisher":{"@id":"https:\/\/enriquecouttolencbarcena.com\/#\/schema\/person\/972102b395663d7c8d404b14f053f21e"},"potentialAction":[{"@type":"SearchAction","target":{"@type":"EntryPoint","urlTemplate":"https:\/\/enriquecouttolencbarcena.com\/?s={search_term_string}"},"query-input":{"@type":"PropertyValueSpecification","valueRequired":true,"valueName":"search_term_string"}}],"inLanguage":"es-ES"},{"@type":["Person","Organization"],"@id":"https:\/\/enriquecouttolencbarcena.com\/#\/schema\/person\/972102b395663d7c8d404b14f053f21e","name":"enriquecb","image":{"@type":"ImageObject","inLanguage":"es-ES","@id":"https:\/\/secure.gravatar.com\/avatar\/1c4cb8ea0ce4785e2090fb3a6a3a3db59896925781ced37d1e7a617c4ae13d39?s=96&d=mm&r=g","url":"https:\/\/secure.gravatar.com\/avatar\/1c4cb8ea0ce4785e2090fb3a6a3a3db59896925781ced37d1e7a617c4ae13d39?s=96&d=mm&r=g","contentUrl":"https:\/\/secure.gravatar.com\/avatar\/1c4cb8ea0ce4785e2090fb3a6a3a3db59896925781ced37d1e7a617c4ae13d39?s=96&d=mm&r=g","caption":"enriquecb"},"logo":{"@id":"https:\/\/secure.gravatar.com\/avatar\/1c4cb8ea0ce4785e2090fb3a6a3a3db59896925781ced37d1e7a617c4ae13d39?s=96&d=mm&r=g"}}]}},"jetpack_sharing_enabled":true,"_links":{"self":[{"href":"https:\/\/enriquecouttolencbarcena.com\/es\/wp-json\/wp\/v2\/pages\/104","targetHints":{"allow":["GET"]}}],"collection":[{"href":"https:\/\/enriquecouttolencbarcena.com\/es\/wp-json\/wp\/v2\/pages"}],"about":[{"href":"https:\/\/enriquecouttolencbarcena.com\/es\/wp-json\/wp\/v2\/types\/page"}],"author":[{"embeddable":true,"href":"https:\/\/enriquecouttolencbarcena.com\/es\/wp-json\/wp\/v2\/users\/1"}],"replies":[{"embeddable":true,"href":"https:\/\/enriquecouttolencbarcena.com\/es\/wp-json\/wp\/v2\/comments?post=104"}],"version-history":[{"count":1,"href":"https:\/\/enriquecouttolencbarcena.com\/es\/wp-json\/wp\/v2\/pages\/104\/revisions"}],"predecessor-version":[{"id":106,"href":"https:\/\/enriquecouttolencbarcena.com\/es\/wp-json\/wp\/v2\/pages\/104\/revisions\/106"}],"wp:featuredmedia":[{"embeddable":true,"href":"https:\/\/enriquecouttolencbarcena.com\/es\/wp-json\/wp\/v2\/media\/105"}],"wp:attachment":[{"href":"https:\/\/enriquecouttolencbarcena.com\/es\/wp-json\/wp\/v2\/media?parent=104"}],"curies":[{"name":"wp","href":"https:\/\/api.w.org\/{rel}","templated":true}]}}